{"id":178,"date":"2024-05-21T01:13:39","date_gmt":"2024-05-21T01:13:39","guid":{"rendered":"https:\/\/italtrucklogistics.com\/?page_id=178"},"modified":"2024-05-22T23:21:47","modified_gmt":"2024-05-22T23:21:47","slug":"about-us","status":"publish","type":"page","link":"https:\/\/italtrucklogistics.com\/es\/about-us\/","title":{"rendered":"Sobre nosotros"},"content":{"rendered":"<div data-elementor-type=\"wp-page\" data-elementor-id=\"178\" class=\"elementor elementor-178\">\n\t\t\t\t<div class=\"elementor-element elementor-element-220c74fb e-con-full e-flex e-con e-parent\" data-id=\"220c74fb\" data-element_type=\"container\" data-settings=\"{&quot;background_background&quot;:&quot;classic&quot;}\">\n\t\t\t\t<div class=\"elementor-element elementor-element-6df0ecae elementor-invisible elementor-widget elementor-widget-heading\" data-id=\"6df0ecae\" data-element_type=\"widget\" data-settings=\"{&quot;_animation&quot;:&quot;fadeInUp&quot;}\" data-widget_type=\"heading.default\">\n\t\t\t\t<div class=\"elementor-widget-container\">\n\t\t\t<style>\/*! elementor - v3.22.0 - 26-06-2024 *\/\n.elementor-heading-title{padding:0;margin:0;line-height:1}.elementor-widget-heading .elementor-heading-title[class*=elementor-size-]>a{color:inherit;font-size:inherit;line-height:inherit}.elementor-widget-heading .elementor-heading-title.elementor-size-small{font-size:15px}.elementor-widget-heading .elementor-heading-title.elementor-size-medium{font-size:19px}.elementor-widget-heading .elementor-heading-title.elementor-size-large{font-size:29px}.elementor-widget-heading .elementor-heading-title.elementor-size-xl{font-size:39px}.elementor-widget-heading .elementor-heading-title.elementor-size-xxl{font-size:59px}<\/style><h2 class=\"elementor-heading-title elementor-size-default\">Sobre nosotros<\/h2>\t\t<\/div>\n\t\t\t\t<\/div>\n\t\t<div class=\"elementor-element elementor-element-658ff363 e-con-full e-flex elementor-invisible e-con e-child\" data-id=\"658ff363\" data-element_type=\"container\" data-settings=\"{&quot;background_background&quot;:&quot;classic&quot;,&quot;animation&quot;:&quot;fadeIn&quot;,&quot;animation_delay&quot;:400}\">\n\t\t\t\t<div class=\"elementor-element elementor-element-7aa6d2de elementor-widget-divider--view-line elementor-widget elementor-widget-divider\" data-id=\"7aa6d2de\" data-element_type=\"widget\" data-widget_type=\"divider.default\">\n\t\t\t\t<div class=\"elementor-widget-container\">\n\t\t\t<style>\/*! elementor - v3.22.0 - 26-06-2024 *\/\n.elementor-widget-divider{--divider-border-style:none;--divider-border-width:1px;--divider-color:#0c0d0e;--divider-icon-size:20px;--divider-element-spacing:10px;--divider-pattern-height:24px;--divider-pattern-size:20px;--divider-pattern-url:none;--divider-pattern-repeat:repeat-x}.elementor-widget-divider .elementor-divider{display:flex}.elementor-widget-divider .elementor-divider__text{font-size:15px;line-height:1;max-width:95%}.elementor-widget-divider .elementor-divider__element{margin:0 var(--divider-element-spacing);flex-shrink:0}.elementor-widget-divider .elementor-icon{font-size:var(--divider-icon-size)}.elementor-widget-divider .elementor-divider-separator{display:flex;margin:0;direction:ltr}.elementor-widget-divider--view-line_icon .elementor-divider-separator,.elementor-widget-divider--view-line_text .elementor-divider-separator{align-items:center}.elementor-widget-divider--view-line_icon .elementor-divider-separator:after,.elementor-widget-divider--view-line_icon .elementor-divider-separator:before,.elementor-widget-divider--view-line_text .elementor-divider-separator:after,.elementor-widget-divider--view-line_text .elementor-divider-separator:before{display:block;content:\"\";border-block-end:0;flex-grow:1;border-block-start:var(--divider-border-width) var(--divider-border-style) var(--divider-color)}.elementor-widget-divider--element-align-left .elementor-divider .elementor-divider-separator>.elementor-divider__svg:first-of-type{flex-grow:0;flex-shrink:100}.elementor-widget-divider--element-align-left .elementor-divider-separator:before{content:none}.elementor-widget-divider--element-align-left .elementor-divider__element{margin-left:0}.elementor-widget-divider--element-align-right .elementor-divider .elementor-divider-separator>.elementor-divider__svg:last-of-type{flex-grow:0;flex-shrink:100}.elementor-widget-divider--element-align-right .elementor-divider-separator:after{content:none}.elementor-widget-divider--element-align-right .elementor-divider__element{margin-right:0}.elementor-widget-divider--element-align-start .elementor-divider .elementor-divider-separator>.elementor-divider__svg:first-of-type{flex-grow:0;flex-shrink:100}.elementor-widget-divider--element-align-start .elementor-divider-separator:before{content:none}.elementor-widget-divider--element-align-start .elementor-divider__element{margin-inline-start:0}.elementor-widget-divider--element-align-end .elementor-divider .elementor-divider-separator>.elementor-divider__svg:last-of-type{flex-grow:0;flex-shrink:100}.elementor-widget-divider--element-align-end .elementor-divider-separator:after{content:none}.elementor-widget-divider--element-align-end .elementor-divider__element{margin-inline-end:0}.elementor-widget-divider:not(.elementor-widget-divider--view-line_text):not(.elementor-widget-divider--view-line_icon) .elementor-divider-separator{border-block-start:var(--divider-border-width) var(--divider-border-style) var(--divider-color)}.elementor-widget-divider--separator-type-pattern{--divider-border-style:none}.elementor-widget-divider--separator-type-pattern.elementor-widget-divider--view-line .elementor-divider-separator,.elementor-widget-divider--separator-type-pattern:not(.elementor-widget-divider--view-line) .elementor-divider-separator:after,.elementor-widget-divider--separator-type-pattern:not(.elementor-widget-divider--view-line) .elementor-divider-separator:before,.elementor-widget-divider--separator-type-pattern:not([class*=elementor-widget-divider--view]) .elementor-divider-separator{width:100%;min-height:var(--divider-pattern-height);-webkit-mask-size:var(--divider-pattern-size) 100%;mask-size:var(--divider-pattern-size) 100%;-webkit-mask-repeat:var(--divider-pattern-repeat);mask-repeat:var(--divider-pattern-repeat);background-color:var(--divider-color);-webkit-mask-image:var(--divider-pattern-url);mask-image:var(--divider-pattern-url)}.elementor-widget-divider--no-spacing{--divider-pattern-size:auto}.elementor-widget-divider--bg-round{--divider-pattern-repeat:round}.rtl .elementor-widget-divider .elementor-divider__text{direction:rtl}.e-con-inner>.elementor-widget-divider,.e-con>.elementor-widget-divider{width:var(--container-widget-width,100%);--flex-grow:var(--container-widget-flex-grow)}<\/style>\t\t<div class=\"elementor-divider\">\n\t\t\t<span class=\"elementor-divider-separator\">\n\t\t\t\t\t\t<\/span>\n\t\t<\/div>\n\t\t\t\t<\/div>\n\t\t\t\t<\/div>\n\t\t\t\t<\/div>\n\t\t\t\t<\/div>\n\t\t<div class=\"elementor-element elementor-element-75317077 e-flex e-con-boxed e-con e-parent\" data-id=\"75317077\" data-element_type=\"container\" data-settings=\"{&quot;background_background&quot;:&quot;classic&quot;}\">\n\t\t\t\t\t<div class=\"e-con-inner\">\n\t\t<div class=\"elementor-element elementor-element-4024708b e-con-full e-flex e-con e-child\" data-id=\"4024708b\" data-element_type=\"container\" data-settings=\"{&quot;background_background&quot;:&quot;classic&quot;}\">\n\t\t<div class=\"elementor-element elementor-element-67b6f449 e-flex e-con-boxed elementor-invisible e-con e-child\" data-id=\"67b6f449\" data-element_type=\"container\" data-settings=\"{&quot;animation&quot;:&quot;fadeIn&quot;,&quot;background_background&quot;:&quot;classic&quot;}\">\n\t\t\t\t\t<div class=\"e-con-inner\">\n\t\t\t\t\t<\/div>\n\t\t\t\t<\/div>\n\t\t\t\t<\/div>\n\t\t<div class=\"elementor-element elementor-element-407225ee e-con-full e-flex e-con e-child\" data-id=\"407225ee\" data-element_type=\"container\">\n\t\t\t\t<div class=\"elementor-element elementor-element-35fe20df elementor-invisible elementor-widget elementor-widget-heading\" data-id=\"35fe20df\" data-element_type=\"widget\" data-settings=\"{&quot;_animation&quot;:&quot;fadeInUp&quot;,&quot;_animation_delay&quot;:200}\" data-widget_type=\"heading.default\">\n\t\t\t\t<div class=\"elementor-widget-container\">\n\t\t\t<h2 class=\"elementor-heading-title elementor-size-default\">    En un mundo donde la velocidad y la eficiencia son cruciales.\n\n        \"LOG\u00cdSTICA ITALTRUCK\"\n\n             y sale con calidad y servicio<\/h2>\t\t<\/div>\n\t\t\t\t<\/div>\n\t\t\t\t<div class=\"elementor-element elementor-element-255ddfa1 elementor-invisible elementor-widget elementor-widget-text-editor\" data-id=\"255ddfa1\" data-element_type=\"widget\" data-settings=\"{&quot;_animation&quot;:&quot;fadeInUp&quot;,&quot;_animation_delay&quot;:400}\" data-widget_type=\"text-editor.default\">\n\t\t\t\t<div class=\"elementor-widget-container\">\n\t\t\t<style>\/*! elementor - v3.22.0 - 26-06-2024 *\/\n.elementor-widget-text-editor.elementor-drop-cap-view-stacked .elementor-drop-cap{background-color:#69727d;color:#fff}.elementor-widget-text-editor.elementor-drop-cap-view-framed .elementor-drop-cap{color:#69727d;border:3px solid;background-color:transparent}.elementor-widget-text-editor:not(.elementor-drop-cap-view-default) .elementor-drop-cap{margin-top:8px}.elementor-widget-text-editor:not(.elementor-drop-cap-view-default) .elementor-drop-cap-letter{width:1em;height:1em}.elementor-widget-text-editor .elementor-drop-cap{float:left;text-align:center;line-height:1;font-size:50px}.elementor-widget-text-editor .elementor-drop-cap-letter{display:inline-block}<\/style>\t\t\t\t<p class=\"zfr3Q CDt4Ke\" dir=\"ltr\"><span class=\"C9DxTc\">Fundada en 2015, nuestra empresa se ha convertido en un referente en transporte y log\u00edstica a nivel nacional e internacional.<\/span><\/p><p class=\"zfr3Q CDt4Ke\" dir=\"ltr\"><span class=\"C9DxTc\">Comenzamos como una modesta flota de camiones, pero con el tiempo hemos ampliado nuestras operaciones para abarcar una amplia gama de servicios log\u00edsticos, incluidos almacenamiento, distribuci\u00f3n y gesti\u00f3n de inventario.<\/span><\/p><p class=\"zfr3Q CDt4Ke\" dir=\"ltr\"><span class=\"C9DxTc\">Nuestro compromiso con la excelencia nos ha llevado a invertir en tecnolog\u00eda de punta, permiti\u00e9ndonos rastrear cada env\u00edo en tiempo real y optimizar nuestras rutas para minimizar tiempos y costos de entrega.<\/span><\/p><p class=\"zfr3Q CDt4Ke\" dir=\"ltr\"><span class=\"C9DxTc\">Con una red dedicada de socios y colaboradores, hemos establecido una fuerte presencia en todos los rincones del pa\u00eds, brindando soluciones personalizadas a empresas de todos los tama\u00f1os y sectores.<\/span><\/p><p class=\"zfr3Q CDt4Ke\" dir=\"ltr\"><span class=\"C9DxTc\">Pero m\u00e1s all\u00e1 de nuestros logros comerciales, en ITALTRUCK LOGISTICS estamos orgullosos de nuestro compromiso con la sostenibilidad y la responsabilidad social. Desde la implementaci\u00f3n de pr\u00e1cticas ecol\u00f3gicas en nuestra flota hasta nuestra participaci\u00f3n activa en programas comunitarios, siempre buscamos dejar una huella positiva en el mundo que nos rodea.<\/span><\/p><p class=\"zfr3Q CDt4Ke\" dir=\"ltr\"><span class=\"C9DxTc\">Con una combinaci\u00f3n \u00fanica de experiencia, innovaci\u00f3n y pasi\u00f3n por el servicio al cliente, estamos listos para enfrentar los desaf\u00edos del ma\u00f1ana y seguir siendo el socio confiable para todas las necesidades de transporte y log\u00edstica.<\/span><\/p>\t\t\t\t\t\t<\/div>\n\t\t\t\t<\/div>\n\t\t\t\t<div class=\"elementor-element elementor-element-12383e6b elementor-align-left elementor-invisible elementor-widget elementor-widget-button\" data-id=\"12383e6b\" data-element_type=\"widget\" data-settings=\"{&quot;_animation_delay&quot;:600,&quot;_animation&quot;:&quot;fadeInUp&quot;}\" data-widget_type=\"button.default\">\n\t\t\t\t<div class=\"elementor-widget-container\">\n\t\t\t\t\t<div class=\"elementor-button-wrapper\">\n\t\t\t<a class=\"elementor-button elementor-button-link elementor-size-sm\" href=\"https:\/\/italtrucklogistics.com\/es\/\">\n\t\t\t\t\t\t<span class=\"elementor-button-content-wrapper\">\n\t\t\t\t\t\t\t\t\t<span class=\"elementor-button-text\">Volver al inicio<\/span>\n\t\t\t\t\t<\/span>\n\t\t\t\t\t<\/a>\n\t\t<\/div>\n\t\t\t\t<\/div>\n\t\t\t\t<\/div>\n\t\t\t\t<\/div>\n\t\t\t\t\t<\/div>\n\t\t\t\t<\/div>\n\t\t\t\t<\/div>","protected":false},"excerpt":{"rendered":"<p>About us In a world where speed and efficiency are crucial. &#8220;ITALTRUCK LOGISTICS&#8221; ands out with quality and service Founded in 2015, our company has become a benchmark in transport and logistics nationally and internationally. We started as a modest fleet of trucks, but over time we have expanded our operations to encompass a wide [&hellip;]<\/p>","protected":false},"author":2,"featured_media":0,"parent":0,"menu_order":0,"comment_status":"closed","ping_status":"closed","template":"elementor_header_footer","meta":{"footnotes":""},"class_list":["post-178","page","type-page","status-publish","hentry"],"yoast_head":"<!-- This site is optimized with the Yoast SEO plugin v23.0 - https:\/\/yoast.com\/wordpress\/plugins\/seo\/ -->\n<title>About us - ITAL TRUCK<\/title>\n<meta name=\"robots\" content=\"index, follow, max-snippet:-1, max-image-preview:large, max-video-preview:-1\" \/>\n<link rel=\"canonical\" href=\"https:\/\/italtrucklogistics.com\/es\/about-us\/\" \/>\n<meta property=\"og:locale\" content=\"es_ES\" \/>\n<meta property=\"og:type\" content=\"article\" \/>\n<meta property=\"og:title\" content=\"About us - ITAL TRUCK\" \/>\n<meta property=\"og:description\" content=\"About us In a world where speed and efficiency are crucial. &#8220;ITALTRUCK LOGISTICS&#8221; ands out with quality and service Founded in 2015, our company has become a benchmark in transport and logistics nationally and internationally. We started as a modest fleet of trucks, but over time we have expanded our operations to encompass a wide [&hellip;]\" \/>\n<meta property=\"og:url\" content=\"https:\/\/italtrucklogistics.com\/es\/about-us\/\" \/>\n<meta property=\"og:site_name\" content=\"ITAL TRUCK\" \/>\n<meta property=\"article:modified_time\" content=\"2024-05-22T23:21:47+00:00\" \/>\n<meta name=\"twitter:card\" content=\"summary_large_image\" \/>\n<meta name=\"twitter:label1\" content=\"Tiempo de lectura\" \/>\n\t<meta name=\"twitter:data1\" content=\"1 minuto\" \/>\n<script type=\"application\/ld+json\" class=\"yoast-schema-graph\">{\"@context\":\"https:\/\/schema.org\",\"@graph\":[{\"@type\":\"WebPage\",\"@id\":\"https:\/\/italtrucklogistics.com\/about-us\/\",\"url\":\"https:\/\/italtrucklogistics.com\/about-us\/\",\"name\":\"About us - ITAL TRUCK\",\"isPartOf\":{\"@id\":\"https:\/\/italtrucklogistics.com\/#website\"},\"datePublished\":\"2024-05-21T01:13:39+00:00\",\"dateModified\":\"2024-05-22T23:21:47+00:00\",\"breadcrumb\":{\"@id\":\"https:\/\/italtrucklogistics.com\/about-us\/#breadcrumb\"},\"inLanguage\":\"es\",\"potentialAction\":[{\"@type\":\"ReadAction\",\"target\":[\"https:\/\/italtrucklogistics.com\/about-us\/\"]}]},{\"@type\":\"BreadcrumbList\",\"@id\":\"https:\/\/italtrucklogistics.com\/about-us\/#breadcrumb\",\"itemListElement\":[{\"@type\":\"ListItem\",\"position\":1,\"name\":\"Portada\",\"item\":\"https:\/\/italtrucklogistics.com\/\"},{\"@type\":\"ListItem\",\"position\":2,\"name\":\"About us\"}]},{\"@type\":\"WebSite\",\"@id\":\"https:\/\/italtrucklogistics.com\/#website\",\"url\":\"https:\/\/italtrucklogistics.com\/\",\"name\":\"ITAL TRUCK\",\"description\":\"ITAL TRUCK LOGISTICS\",\"potentialAction\":[{\"@type\":\"SearchAction\",\"target\":{\"@type\":\"EntryPoint\",\"urlTemplate\":\"https:\/\/italtrucklogistics.com\/?s={search_term_string}\"},\"query-input\":\"required name=search_term_string\"}],\"inLanguage\":\"es\"}]}<\/script>\n<!-- \/ Yoast SEO plugin. -->","yoast_head_json":{"title":"About us - ITAL TRUCK","robots":{"index":"index","follow":"follow","max-snippet":"max-snippet:-1","max-image-preview":"max-image-preview:large","max-video-preview":"max-video-preview:-1"},"canonical":"https:\/\/italtrucklogistics.com\/es\/about-us\/","og_locale":"es_ES","og_type":"article","og_title":"About us - ITAL TRUCK","og_description":"About us In a world where speed and efficiency are crucial. &#8220;ITALTRUCK LOGISTICS&#8221; ands out with quality and service Founded in 2015, our company has become a benchmark in transport and logistics nationally and internationally. We started as a modest fleet of trucks, but over time we have expanded our operations to encompass a wide [&hellip;]","og_url":"https:\/\/italtrucklogistics.com\/es\/about-us\/","og_site_name":"ITAL TRUCK","article_modified_time":"2024-05-22T23:21:47+00:00","twitter_card":"summary_large_image","twitter_misc":{"Tiempo de lectura":"1 minuto"},"schema":{"@context":"https:\/\/schema.org","@graph":[{"@type":"WebPage","@id":"https:\/\/italtrucklogistics.com\/about-us\/","url":"https:\/\/italtrucklogistics.com\/about-us\/","name":"About us - ITAL TRUCK","isPartOf":{"@id":"https:\/\/italtrucklogistics.com\/#website"},"datePublished":"2024-05-21T01:13:39+00:00","dateModified":"2024-05-22T23:21:47+00:00","breadcrumb":{"@id":"https:\/\/italtrucklogistics.com\/about-us\/#breadcrumb"},"inLanguage":"es","potentialAction":[{"@type":"ReadAction","target":["https:\/\/italtrucklogistics.com\/about-us\/"]}]},{"@type":"BreadcrumbList","@id":"https:\/\/italtrucklogistics.com\/about-us\/#breadcrumb","itemListElement":[{"@type":"ListItem","position":1,"name":"Portada","item":"https:\/\/italtrucklogistics.com\/"},{"@type":"ListItem","position":2,"name":"About us"}]},{"@type":"WebSite","@id":"https:\/\/italtrucklogistics.com\/#website","url":"https:\/\/italtrucklogistics.com\/","name":"ITAL TRUCK","description":"ITAL TRUCK LOGISTICS","potentialAction":[{"@type":"SearchAction","target":{"@type":"EntryPoint","urlTemplate":"https:\/\/italtrucklogistics.com\/?s={search_term_string}"},"query-input":"required name=search_term_string"}],"inLanguage":"es"}]}},"_links":{"self":[{"href":"https:\/\/italtrucklogistics.com\/es\/wp-json\/wp\/v2\/pages\/178","targetHints":{"allow":["GET"]}}],"collection":[{"href":"https:\/\/italtrucklogistics.com\/es\/wp-json\/wp\/v2\/pages"}],"about":[{"href":"https:\/\/italtrucklogistics.com\/es\/wp-json\/wp\/v2\/types\/page"}],"author":[{"embeddable":true,"href":"https:\/\/italtrucklogistics.com\/es\/wp-json\/wp\/v2\/users\/2"}],"replies":[{"embeddable":true,"href":"https:\/\/italtrucklogistics.com\/es\/wp-json\/wp\/v2\/comments?post=178"}],"version-history":[{"count":19,"href":"https:\/\/italtrucklogistics.com\/es\/wp-json\/wp\/v2\/pages\/178\/revisions"}],"predecessor-version":[{"id":497,"href":"https:\/\/italtrucklogistics.com\/es\/wp-json\/wp\/v2\/pages\/178\/revisions\/497"}],"wp:attachment":[{"href":"https:\/\/italtrucklogistics.com\/es\/wp-json\/wp\/v2\/media?parent=178"}],"curies":[{"name":"wp","href":"https:\/\/api.w.org\/{rel}","templated":true}]}}